{"id":346,"date":"2020-07-14T10:07:21","date_gmt":"2020-07-14T10:07:21","guid":{"rendered":"https:\/\/www.aliciacastan.com\/contacte\/"},"modified":"2025-08-12T13:21:55","modified_gmt":"2025-08-12T13:21:55","slug":"contacte","status":"publish","type":"page","link":"https:\/\/www.aliciacastan.com\/ca\/contacte\/","title":{"rendered":"Contacte"},"content":{"rendered":"\t\t<div data-elementor-type=\"wp-page\" data-elementor-id=\"346\" class=\"elementor elementor-346 elementor-265\" data-elementor-post-type=\"page\">\n\t\t\t\t\t\t<section class=\"elementor-section elementor-top-section elementor-element elementor-element-32cb525e elementor-section-height-min-height elementor-section-content-middle elementor-section-boxed elementor-section-height-default elementor-section-items-middle\" data-id=\"32cb525e\" data-element_type=\"section\" data-settings=\"{&quot;background_background&quot;:&quot;classic&quot;}\">\n\t\t\t\t\t\t\t<div class=\"elementor-background-overlay\"><\/div>\n\t\t\t\t\t\t\t<div class=\"elementor-container elementor-column-gap-default\">\n\t\t\t\t\t<div class=\"elementor-column elementor-col-100 elementor-top-column elementor-element elementor-element-17e7175a\" data-id=\"17e7175a\" data-element_type=\"column\">\n\t\t\t<div class=\"elementor-widget-wrap elementor-element-populated\">\n\t\t\t\t\t\t<div class=\"elementor-element elementor-element-25b9dd31 elementor-widget elementor-widget-heading\" data-id=\"25b9dd31\" data-element_type=\"widget\" data-widget_type=\"heading.default\">\n\t\t\t\t<div class=\"elementor-widget-container\">\n\t\t\t\t\t<h1 class=\"elementor-heading-title elementor-size-default\">Contacte<\/h1>\t\t\t\t<\/div>\n\t\t\t\t<\/div>\n\t\t\t\t\t<\/div>\n\t\t<\/div>\n\t\t\t\t\t<\/div>\n\t\t<\/section>\n\t\t\t\t<section class=\"elementor-section elementor-top-section elementor-element elementor-element-1db3b642 elementor-section-content-middle elementor-section-boxed elementor-section-height-default elementor-section-height-default\" data-id=\"1db3b642\" data-element_type=\"section\">\n\t\t\t\t\t\t<div class=\"elementor-container elementor-column-gap-no\">\n\t\t\t\t\t<div class=\"elementor-column elementor-col-100 elementor-top-column elementor-element elementor-element-66a8a9cd\" data-id=\"66a8a9cd\" data-element_type=\"column\">\n\t\t\t<div class=\"elementor-widget-wrap elementor-element-populated\">\n\t\t\t\t\t\t<div class=\"elementor-element elementor-element-304036a6 elementor-widget elementor-widget-heading\" data-id=\"304036a6\" data-element_type=\"widget\" data-widget_type=\"heading.default\">\n\t\t\t\t<div class=\"elementor-widget-container\">\n\t\t\t\t\t<h4 class=\"elementor-heading-title elementor-size-default\">Si vols viure en una casa sana, dissenyada amb arquitectura sostenible, efici\u00e8ncia energ\u00e8tica, salut de l'h\u00e0bitat i Feng Shui cl\u00e0ssic, m'encantar\u00e0 acompanyar-te a crear la teva casa respectuosa amb la teva ess\u00e8ncia, amb la salut de la teva fam\u00edlia i amb el medi ambient.\n\n <br> <br>\n\nSi vols harmonitzar la teva casa amb un disseny d'Interiorisme conscient i Feng Shui cl\u00e0ssic, m'encantar\u00e0 acompanyar-te per crear un espai que t'emocioni, sensible, que parli de tu, espai\u00f3s, ple de bellesa, llumin\u00f3s, que afavoreixi l'harmonia, la salut, les relacions personals, creant l\u00b4ambient de confort, coher\u00e8ncia i calidesa que es mereix la teva llar.\n\n \n <br> <br>\nSi vols integrar el Feng Shui al teu habitatge, negoci o empresa, m'encantar\u00e0 acompanyar-te per crear un espai que t'emocioni, sensible, que expressi l\u00b4es\u00e8ncia i filosofia del teu negoci, i que afavoreixi l'harmonia, la salut, les relacions personals i professionals i les accions coherents per millorar la prosperitat.\n\n \n <br> <br>\nSi vols formar-te en Feng Shui cl\u00e0ssic per poder aplicar els seus beneficis als teus projectes professionals, a la teva casa o a la teva empresa, ser\u00e0 un plaer compartir amb tu el meu coneixement i experi\u00e8ncia adquirida en els 20 anys que porto exercint com a arquitecta especialitzada en Sostenibilitat, Salut de l'h\u00e0bitat i Feng Shui cl\u00e0ssic.<\/h4>\t\t\t\t<\/div>\n\t\t\t\t<\/div>\n\t\t\t\t<section class=\"elementor-section elementor-inner-section elementor-element elementor-element-4a38d7bc elementor-section-content-middle elementor-section-boxed elementor-section-height-default elementor-section-height-default\" data-id=\"4a38d7bc\" data-element_type=\"section\">\n\t\t\t\t\t\t<div class=\"elementor-container elementor-column-gap-no\">\n\t\t\t\t\t<div class=\"elementor-column elementor-col-50 elementor-inner-column elementor-element elementor-element-21ebe691\" data-id=\"21ebe691\" data-element_type=\"column\">\n\t\t\t<div class=\"elementor-widget-wrap elementor-element-populated\">\n\t\t\t\t\t\t<div class=\"elementor-element elementor-element-45948ca8 elementor-widget elementor-widget-heading\" data-id=\"45948ca8\" data-element_type=\"widget\" data-widget_type=\"heading.default\">\n\t\t\t\t<div class=\"elementor-widget-container\">\n\t\t\t\t\t<h6 class=\"elementor-heading-title elementor-size-default\">Tel\u00e8fon: +34 637 222 658<\/h6>\t\t\t\t<\/div>\n\t\t\t\t<\/div>\n\t\t\t\t<div class=\"elementor-element elementor-element-55fda171 elementor-widget elementor-widget-heading\" data-id=\"55fda171\" data-element_type=\"widget\" data-widget_type=\"heading.default\">\n\t\t\t\t<div class=\"elementor-widget-container\">\n\t\t\t\t\t<h6 class=\"elementor-heading-title elementor-size-default\">Email projectes: tecnica@aliciacastan.com\n<br>\nEmail formaci\u00f3 de Feng Shui cl\u00e0ssic: formaciones@aliciacastan.com<\/h6>\t\t\t\t<\/div>\n\t\t\t\t<\/div>\n\t\t\t\t<div class=\"elementor-element elementor-element-8758c77 e-grid-align-left elementor-shape-rounded elementor-grid-0 elementor-widget elementor-widget-social-icons\" data-id=\"8758c77\" data-element_type=\"widget\" data-widget_type=\"social-icons.default\">\n\t\t\t\t<div class=\"elementor-widget-container\">\n\t\t\t\t\t\t\t<div class=\"elementor-social-icons-wrapper elementor-grid\">\n\t\t\t\t\t\t\t<span class=\"elementor-grid-item\">\n\t\t\t\t\t<a class=\"elementor-icon elementor-social-icon elementor-social-icon-linkedin elementor-animation-grow elementor-repeater-item-2d0da0c\" target=\"_blank\">\n\t\t\t\t\t\t<span class=\"elementor-screen-only\">Linkedin<\/span>\n\t\t\t\t\t\t<i class=\"fab fa-linkedin\"><\/i>\t\t\t\t\t<\/a>\n\t\t\t\t<\/span>\n\t\t\t\t\t<\/div>\n\t\t\t\t\t\t<\/div>\n\t\t\t\t<\/div>\n\t\t\t\t<div class=\"elementor-element elementor-element-7b6d960a elementor-widget elementor-widget-heading\" data-id=\"7b6d960a\" data-element_type=\"widget\" data-widget_type=\"heading.default\">\n\t\t\t\t<div class=\"elementor-widget-container\">\n\t\t\t\t\t<h6 class=\"elementor-heading-title elementor-size-default\">Girona, Barcelona i Osca (Spain)<\/h6>\t\t\t\t<\/div>\n\t\t\t\t<\/div>\n\t\t\t\t\t<\/div>\n\t\t<\/div>\n\t\t\t\t<div class=\"elementor-column elementor-col-50 elementor-inner-column elementor-element elementor-element-6ceb050a\" data-id=\"6ceb050a\" data-element_type=\"column\">\n\t\t\t<div class=\"elementor-widget-wrap elementor-element-populated\">\n\t\t\t\t\t\t<div class=\"elementor-element elementor-element-476476ac elementor-button-align-start elementor-widget elementor-widget-form\" data-id=\"476476ac\" data-element_type=\"widget\" data-settings=\"{&quot;step_next_label&quot;:&quot;Next&quot;,&quot;step_previous_label&quot;:&quot;Previous&quot;,&quot;button_width&quot;:&quot;100&quot;,&quot;step_type&quot;:&quot;number_text&quot;,&quot;step_icon_shape&quot;:&quot;circle&quot;}\" data-widget_type=\"form.default\">\n\t\t\t\t<div class=\"elementor-widget-container\">\n\t\t\t\t\t\t\t<form class=\"elementor-form\" method=\"post\" name=\"Nou formulari\">\n\t\t\t<input type=\"hidden\" name=\"post_id\" value=\"346\"\/>\n\t\t\t<input type=\"hidden\" name=\"form_id\" value=\"476476ac\"\/>\n\t\t\t<input type=\"hidden\" name=\"referer_title\" value=\"Alicia Castan\" \/>\n\n\t\t\t\n\t\t\t<div class=\"elementor-form-fields-wrapper elementor-labels-\">\n\t\t\t\t\t\t\t\t<div class=\"elementor-field-type-text elementor-field-group elementor-column elementor-field-group-name elementor-col-100\">\n\t\t\t\t\t\t\t\t\t\t\t\t<label for=\"form-field-name\" class=\"elementor-field-label elementor-screen-only\">\n\t\t\t\t\t\t\t\tNom\t\t\t\t\t\t\t<\/label>\n\t\t\t\t\t\t\t\t\t\t\t\t\t\t<input size=\"1\" type=\"text\" name=\"form_fields[name]\" id=\"form-field-name\" class=\"elementor-field elementor-size-sm  elementor-field-textual\" placeholder=\"Nom\">\n\t\t\t\t\t\t\t\t\t\t\t<\/div>\n\t\t\t\t\t\t\t\t<div class=\"elementor-field-type-email elementor-field-group elementor-column elementor-field-group-email elementor-col-100 elementor-field-required\">\n\t\t\t\t\t\t\t\t\t\t\t\t<label for=\"form-field-email\" class=\"elementor-field-label elementor-screen-only\">\n\t\t\t\t\t\t\t\tEmail\t\t\t\t\t\t\t<\/label>\n\t\t\t\t\t\t\t\t\t\t\t\t\t\t<input size=\"1\" type=\"email\" name=\"form_fields[email]\" id=\"form-field-email\" class=\"elementor-field elementor-size-sm  elementor-field-textual\" placeholder=\"Email\" required=\"required\" aria-required=\"true\">\n\t\t\t\t\t\t\t\t\t\t\t<\/div>\n\t\t\t\t\t\t\t\t<div class=\"elementor-field-type-textarea elementor-field-group elementor-column elementor-field-group-message elementor-col-100\">\n\t\t\t\t\t\t\t\t\t\t\t\t<label for=\"form-field-message\" class=\"elementor-field-label elementor-screen-only\">\n\t\t\t\t\t\t\t\tMissatge\t\t\t\t\t\t\t<\/label>\n\t\t\t\t\t\t<textarea class=\"elementor-field-textual elementor-field  elementor-size-sm\" name=\"form_fields[message]\" id=\"form-field-message\" rows=\"4\" placeholder=\"Missatge\"><\/textarea>\t\t\t\t<\/div>\n\t\t\t\t\t\t\t\t<div class=\"elementor-field-type-acceptance elementor-field-group elementor-column elementor-field-group-field_65c80a5 elementor-col-100 elementor-field-required\">\n\t\t\t\t\t\t\t\t\t\t\t\t<label for=\"form-field-field_65c80a5\" class=\"elementor-field-label elementor-screen-only\">\n\t\t\t\t\t\t\t\tLOPD\t\t\t\t\t\t\t<\/label>\n\t\t\t\t\t\t\t\t<div class=\"elementor-field-subgroup\">\n\t\t\t<span class=\"elementor-field-option\">\n\t\t\t\t<input type=\"checkbox\" name=\"form_fields[field_65c80a5]\" id=\"form-field-field_65c80a5\" class=\"elementor-field elementor-size-sm  elementor-acceptance-field\" required=\"required\" aria-required=\"true\">\n\t\t\t\t<label for=\"form-field-field_65c80a5\">Accepto la pol\u00edtica de privacitat<\/label>\t\t\t<\/span>\n\t\t<\/div>\n\t\t\t\t\t\t<\/div>\n\t\t\t\t\t\t\t\t<div class=\"elementor-field-group elementor-column elementor-field-type-submit elementor-col-100 e-form__buttons\">\n\t\t\t\t\t<button class=\"elementor-button elementor-size-sm elementor-animation-grow\" type=\"submit\">\n\t\t\t\t\t\t<span class=\"elementor-button-content-wrapper\">\n\t\t\t\t\t\t\t\t\t\t\t\t\t\t\t\t\t\t\t\t\t\t<span class=\"elementor-button-text\">Enviar<\/span>\n\t\t\t\t\t\t\t\t\t\t\t\t\t<\/span>\n\t\t\t\t\t<\/button>\n\t\t\t\t<\/div>\n\t\t\t<\/div>\n\t\t<\/form>\n\t\t\t\t\t\t<\/div>\n\t\t\t\t<\/div>\n\t\t\t\t\t<\/div>\n\t\t<\/div>\n\t\t\t\t\t<\/div>\n\t\t<\/section>\n\t\t\t\t\t<\/div>\n\t\t<\/div>\n\t\t\t\t\t<\/div>\n\t\t<\/section>\n\t\t\t\t<\/div>\n\t\t","protected":false},"excerpt":{"rendered":"<p>Contacte Si vols viure en una casa sana, dissenyada amb arquitectura sostenible, efici\u00e8ncia energ\u00e8tica, salut de l&#8217;h\u00e0bitat i Feng Shui cl\u00e0ssic, m&#8217;encantar\u00e0 acompanyar-te a crear la teva casa respectuosa amb la teva ess\u00e8ncia, amb la salut de la teva fam\u00edlia i amb el medi ambient. Si vols harmonitzar la teva casa amb un disseny d&#8217;Interiorisme [&hellip;]<\/p>\n","protected":false},"author":1,"featured_media":0,"parent":0,"menu_order":0,"comment_status":"closed","ping_status":"closed","template":"","meta":{"site-sidebar-layout":"no-sidebar","site-content-layout":"page-builder","ast-site-content-layout":"","site-content-style":"default","site-sidebar-style":"default","ast-global-header-display":"","ast-banner-title-visibility":"","ast-main-header-display":"","ast-hfb-above-header-display":"","ast-hfb-below-header-display":"","ast-hfb-mobile-header-display":"","site-post-title":"disabled","ast-breadcrumbs-content":"","ast-featured-img":"disabled","footer-sml-layout":"","theme-transparent-header-meta":"default","adv-header-id-meta":"","stick-header-meta":"","header-above-stick-meta":"","header-main-stick-meta":"","header-below-stick-meta":"","astra-migrate-meta-layouts":"default","ast-page-background-enabled":"default","ast-page-background-meta":{"desktop":{"background-color":"","background-image":"","background-repeat":"repeat","background-position":"center center","background-size":"auto","background-attachment":"scroll","background-type":"","background-media":"","overlay-type":"","overlay-color":"","overlay-opacity":"","overlay-gradient":""},"tablet":{"background-color":"","background-image":"","background-repeat":"repeat","background-position":"center center","background-size":"auto","background-attachment":"scroll","background-type":"","background-media":"","overlay-type":"","overlay-color":"","overlay-opacity":"","overlay-gradient":""},"mobile":{"background-color":"","background-image":"","background-repeat":"repeat","background-position":"center center","background-size":"auto","background-attachment":"scroll","background-type":"","background-media":"","overlay-type":"","overlay-color":"","overlay-opacity":"","overlay-gradient":""}},"ast-content-background-meta":{"desktop":{"background-color":"var(--ast-global-color-5)","background-image":"","background-repeat":"repeat","background-position":"center center","background-size":"auto","background-attachment":"scroll","background-type":"","background-media":"","overlay-type":"","overlay-color":"","overlay-opacity":"","overlay-gradient":""},"tablet":{"background-color":"var(--ast-global-color-5)","background-image":"","background-repeat":"repeat","background-position":"center center","background-size":"auto","background-attachment":"scroll","background-type":"","background-media":"","overlay-type":"","overlay-color":"","overlay-opacity":"","overlay-gradient":""},"mobile":{"background-color":"var(--ast-global-color-5)","background-image":"","background-repeat":"repeat","background-position":"center center","background-size":"auto","background-attachment":"scroll","background-type":"","background-media":"","overlay-type":"","overlay-color":"","overlay-opacity":"","overlay-gradient":""}},"footnotes":""},"class_list":["post-346","page","type-page","status-publish","hentry"],"yoast_head":"<!-- This site is optimized with the Yoast SEO plugin v19.10 - https:\/\/yoast.com\/wordpress\/plugins\/seo\/ -->\n<title>Contacte - Alicia Castan<\/title>\n<meta name=\"description\" content=\"Si vols fer un estudi de Feng Shui a casa teva o al teu negoci o si ets arquitecte i vols incorporar el Feng Shui als teus projectes, contacta&#039;m!\" \/>\n<meta name=\"robots\" content=\"index, follow, max-snippet:-1, max-image-preview:large, max-video-preview:-1\" \/>\n<link rel=\"canonical\" href=\"https:\/\/www.aliciacastan.com\/ca\/contacte\/\" \/>\n<meta property=\"og:locale\" content=\"ca_ES\" \/>\n<meta property=\"og:type\" content=\"article\" \/>\n<meta property=\"og:title\" content=\"Contacte - Alicia Castan\" \/>\n<meta property=\"og:description\" content=\"Si vols fer un estudi de Feng Shui a casa teva o al teu negoci o si ets arquitecte i vols incorporar el Feng Shui als teus projectes, contacta&#039;m!\" \/>\n<meta property=\"og:url\" content=\"https:\/\/www.aliciacastan.com\/ca\/contacte\/\" \/>\n<meta property=\"og:site_name\" content=\"Alicia Castan\" \/>\n<meta property=\"article:modified_time\" content=\"2025-08-12T13:21:55+00:00\" \/>\n<meta name=\"twitter:card\" content=\"summary_large_image\" \/>\n<meta name=\"twitter:label1\" content=\"Temps estimat de lectura\" \/>\n\t<meta name=\"twitter:data1\" content=\"2 minuts\" \/>\n<script type=\"application\/ld+json\" class=\"yoast-schema-graph\">{\"@context\":\"https:\/\/schema.org\",\"@graph\":[{\"@type\":\"WebPage\",\"@id\":\"https:\/\/www.aliciacastan.com\/ca\/contacte\/\",\"url\":\"https:\/\/www.aliciacastan.com\/ca\/contacte\/\",\"name\":\"Contacte - Alicia Castan\",\"isPartOf\":{\"@id\":\"https:\/\/www.aliciacastan.com\/ca\/#website\"},\"datePublished\":\"2020-07-14T10:07:21+00:00\",\"dateModified\":\"2025-08-12T13:21:55+00:00\",\"description\":\"Si vols fer un estudi de Feng Shui a casa teva o al teu negoci o si ets arquitecte i vols incorporar el Feng Shui als teus projectes, contacta'm!\",\"breadcrumb\":{\"@id\":\"https:\/\/www.aliciacastan.com\/ca\/contacte\/#breadcrumb\"},\"inLanguage\":\"ca\",\"potentialAction\":[{\"@type\":\"ReadAction\",\"target\":[\"https:\/\/www.aliciacastan.com\/ca\/contacte\/\"]}]},{\"@type\":\"BreadcrumbList\",\"@id\":\"https:\/\/www.aliciacastan.com\/ca\/contacte\/#breadcrumb\",\"itemListElement\":[{\"@type\":\"ListItem\",\"position\":1,\"name\":\"Portada\",\"item\":\"https:\/\/www.aliciacastan.com\/ca\/\"},{\"@type\":\"ListItem\",\"position\":2,\"name\":\"Contacte\"}]},{\"@type\":\"WebSite\",\"@id\":\"https:\/\/www.aliciacastan.com\/ca\/#website\",\"url\":\"https:\/\/www.aliciacastan.com\/ca\/\",\"name\":\"Alicia Castan\",\"description\":\"Arquitectura | Sostenibilidad | Feng Shui\",\"publisher\":{\"@id\":\"https:\/\/www.aliciacastan.com\/ca\/#organization\"},\"potentialAction\":[{\"@type\":\"SearchAction\",\"target\":{\"@type\":\"EntryPoint\",\"urlTemplate\":\"https:\/\/www.aliciacastan.com\/ca\/?s={search_term_string}\"},\"query-input\":\"required name=search_term_string\"}],\"inLanguage\":\"ca\"},{\"@type\":\"Organization\",\"@id\":\"https:\/\/www.aliciacastan.com\/ca\/#organization\",\"name\":\"Alicia Castan\",\"url\":\"https:\/\/www.aliciacastan.com\/ca\/\",\"logo\":{\"@type\":\"ImageObject\",\"inLanguage\":\"ca\",\"@id\":\"https:\/\/www.aliciacastan.com\/ca\/#\/schema\/logo\/image\/\",\"url\":\"https:\/\/www.aliciacastan.com\/wp-content\/uploads\/2020\/07\/cropped-AliciaCastan_Logo_Grande_Negro_fondo_blanco.jpg\",\"contentUrl\":\"https:\/\/www.aliciacastan.com\/wp-content\/uploads\/2020\/07\/cropped-AliciaCastan_Logo_Grande_Negro_fondo_blanco.jpg\",\"width\":1667,\"height\":1221,\"caption\":\"Alicia Castan\"},\"image\":{\"@id\":\"https:\/\/www.aliciacastan.com\/ca\/#\/schema\/logo\/image\/\"}}]}<\/script>\n<!-- \/ Yoast SEO plugin. -->","yoast_head_json":{"title":"Contacte - Alicia Castan","description":"Si vols fer un estudi de Feng Shui a casa teva o al teu negoci o si ets arquitecte i vols incorporar el Feng Shui als teus projectes, contacta'm!","robots":{"index":"index","follow":"follow","max-snippet":"max-snippet:-1","max-image-preview":"max-image-preview:large","max-video-preview":"max-video-preview:-1"},"canonical":"https:\/\/www.aliciacastan.com\/ca\/contacte\/","og_locale":"ca_ES","og_type":"article","og_title":"Contacte - Alicia Castan","og_description":"Si vols fer un estudi de Feng Shui a casa teva o al teu negoci o si ets arquitecte i vols incorporar el Feng Shui als teus projectes, contacta'm!","og_url":"https:\/\/www.aliciacastan.com\/ca\/contacte\/","og_site_name":"Alicia Castan","article_modified_time":"2025-08-12T13:21:55+00:00","twitter_card":"summary_large_image","twitter_misc":{"Temps estimat de lectura":"2 minuts"},"schema":{"@context":"https:\/\/schema.org","@graph":[{"@type":"WebPage","@id":"https:\/\/www.aliciacastan.com\/ca\/contacte\/","url":"https:\/\/www.aliciacastan.com\/ca\/contacte\/","name":"Contacte - Alicia Castan","isPartOf":{"@id":"https:\/\/www.aliciacastan.com\/ca\/#website"},"datePublished":"2020-07-14T10:07:21+00:00","dateModified":"2025-08-12T13:21:55+00:00","description":"Si vols fer un estudi de Feng Shui a casa teva o al teu negoci o si ets arquitecte i vols incorporar el Feng Shui als teus projectes, contacta'm!","breadcrumb":{"@id":"https:\/\/www.aliciacastan.com\/ca\/contacte\/#breadcrumb"},"inLanguage":"ca","potentialAction":[{"@type":"ReadAction","target":["https:\/\/www.aliciacastan.com\/ca\/contacte\/"]}]},{"@type":"BreadcrumbList","@id":"https:\/\/www.aliciacastan.com\/ca\/contacte\/#breadcrumb","itemListElement":[{"@type":"ListItem","position":1,"name":"Portada","item":"https:\/\/www.aliciacastan.com\/ca\/"},{"@type":"ListItem","position":2,"name":"Contacte"}]},{"@type":"WebSite","@id":"https:\/\/www.aliciacastan.com\/ca\/#website","url":"https:\/\/www.aliciacastan.com\/ca\/","name":"Alicia Castan","description":"Arquitectura | Sostenibilidad | Feng Shui","publisher":{"@id":"https:\/\/www.aliciacastan.com\/ca\/#organization"},"potentialAction":[{"@type":"SearchAction","target":{"@type":"EntryPoint","urlTemplate":"https:\/\/www.aliciacastan.com\/ca\/?s={search_term_string}"},"query-input":"required name=search_term_string"}],"inLanguage":"ca"},{"@type":"Organization","@id":"https:\/\/www.aliciacastan.com\/ca\/#organization","name":"Alicia Castan","url":"https:\/\/www.aliciacastan.com\/ca\/","logo":{"@type":"ImageObject","inLanguage":"ca","@id":"https:\/\/www.aliciacastan.com\/ca\/#\/schema\/logo\/image\/","url":"https:\/\/www.aliciacastan.com\/wp-content\/uploads\/2020\/07\/cropped-AliciaCastan_Logo_Grande_Negro_fondo_blanco.jpg","contentUrl":"https:\/\/www.aliciacastan.com\/wp-content\/uploads\/2020\/07\/cropped-AliciaCastan_Logo_Grande_Negro_fondo_blanco.jpg","width":1667,"height":1221,"caption":"Alicia Castan"},"image":{"@id":"https:\/\/www.aliciacastan.com\/ca\/#\/schema\/logo\/image\/"}}]}},"_links":{"self":[{"href":"https:\/\/www.aliciacastan.com\/ca\/wp-json\/wp\/v2\/pages\/346","targetHints":{"allow":["GET"]}}],"collection":[{"href":"https:\/\/www.aliciacastan.com\/ca\/wp-json\/wp\/v2\/pages"}],"about":[{"href":"https:\/\/www.aliciacastan.com\/ca\/wp-json\/wp\/v2\/types\/page"}],"author":[{"embeddable":true,"href":"https:\/\/www.aliciacastan.com\/ca\/wp-json\/wp\/v2\/users\/1"}],"replies":[{"embeddable":true,"href":"https:\/\/www.aliciacastan.com\/ca\/wp-json\/wp\/v2\/comments?post=346"}],"version-history":[{"count":42,"href":"https:\/\/www.aliciacastan.com\/ca\/wp-json\/wp\/v2\/pages\/346\/revisions"}],"predecessor-version":[{"id":2895,"href":"https:\/\/www.aliciacastan.com\/ca\/wp-json\/wp\/v2\/pages\/346\/revisions\/2895"}],"wp:attachment":[{"href":"https:\/\/www.aliciacastan.com\/ca\/wp-json\/wp\/v2\/media?parent=346"}],"curies":[{"name":"wp","href":"https:\/\/api.w.org\/{rel}","templated":true}]}}