{"id":394,"date":"2020-07-14T13:06:05","date_gmt":"2020-07-14T13:06:05","guid":{"rendered":"https:\/\/www.aliciacastan.com\/projecte-aqvam\/"},"modified":"2025-01-27T15:46:58","modified_gmt":"2025-01-27T15:46:58","slug":"projecte-aqvam","status":"publish","type":"page","link":"https:\/\/www.aliciacastan.com\/ca\/projecte-aqvam\/","title":{"rendered":"Projecte AQVAM"},"content":{"rendered":"\t\t<div data-elementor-type=\"wp-page\" data-elementor-id=\"394\" class=\"elementor elementor-394 elementor-293\" data-elementor-post-type=\"page\">\n\t\t\t\t\t\t<section class=\"elementor-section elementor-top-section elementor-element elementor-element-3db4d00c elementor-section-height-min-height elementor-section-content-middle elementor-section-boxed elementor-section-height-default elementor-section-items-middle\" data-id=\"3db4d00c\" data-element_type=\"section\" data-settings=\"{&quot;background_background&quot;:&quot;classic&quot;}\">\n\t\t\t\t\t\t\t<div class=\"elementor-background-overlay\"><\/div>\n\t\t\t\t\t\t\t<div class=\"elementor-container elementor-column-gap-default\">\n\t\t\t\t\t<div class=\"elementor-column elementor-col-100 elementor-top-column elementor-element elementor-element-55f920bc\" data-id=\"55f920bc\" data-element_type=\"column\">\n\t\t\t<div class=\"elementor-widget-wrap elementor-element-populated\">\n\t\t\t\t\t\t<div class=\"elementor-element elementor-element-6557528d elementor-widget elementor-widget-heading\" data-id=\"6557528d\" data-element_type=\"widget\" data-widget_type=\"heading.default\">\n\t\t\t\t<div class=\"elementor-widget-container\">\n\t\t\t\t\t<h1 class=\"elementor-heading-title elementor-size-default\">AQVAM<\/h1>\t\t\t\t<\/div>\n\t\t\t\t<\/div>\n\t\t\t\t\t<\/div>\n\t\t<\/div>\n\t\t\t\t\t<\/div>\n\t\t<\/section>\n\t\t\t\t<section class=\"elementor-section elementor-top-section elementor-element elementor-element-3ce0176b elementor-section-content-middle elementor-section-boxed elementor-section-height-default elementor-section-height-default\" data-id=\"3ce0176b\" data-element_type=\"section\" data-settings=\"{&quot;background_background&quot;:&quot;classic&quot;}\">\n\t\t\t\t\t\t<div class=\"elementor-container elementor-column-gap-no\">\n\t\t\t\t\t<div class=\"elementor-column elementor-col-100 elementor-top-column elementor-element elementor-element-4f603d5a\" data-id=\"4f603d5a\" data-element_type=\"column\">\n\t\t\t<div class=\"elementor-widget-wrap elementor-element-populated\">\n\t\t\t\t\t\t<div class=\"elementor-element elementor-element-5c7e68cb elementor-widget elementor-widget-heading\" data-id=\"5c7e68cb\" data-element_type=\"widget\" data-widget_type=\"heading.default\">\n\t\t\t\t<div class=\"elementor-widget-container\">\n\t\t\t\t\t<h2 class=\"elementor-heading-title elementor-size-default\">Centre d'Investigaci\u00f3 Mar\u00edtima<\/h2>\t\t\t\t<\/div>\n\t\t\t\t<\/div>\n\t\t\t\t<div class=\"elementor-element elementor-element-47b151ad elementor-widget elementor-widget-heading\" data-id=\"47b151ad\" data-element_type=\"widget\" data-widget_type=\"heading.default\">\n\t\t\t\t<div class=\"elementor-widget-container\">\n\t\t\t\t\t<h2 class=\"elementor-heading-title elementor-size-default\"> Pals, Girona.<\/h2>\t\t\t\t<\/div>\n\t\t\t\t<\/div>\n\t\t\t\t<div class=\"elementor-element elementor-element-8634398 elementor-skin-slideshow elementor-arrows-yes elementor-widget elementor-widget-media-carousel\" data-id=\"8634398\" data-element_type=\"widget\" data-settings=\"{&quot;space_between&quot;:{&quot;unit&quot;:&quot;px&quot;,&quot;size&quot;:&quot;29&quot;,&quot;sizes&quot;:[]},&quot;skin&quot;:&quot;slideshow&quot;,&quot;effect&quot;:&quot;fade&quot;,&quot;show_arrows&quot;:&quot;yes&quot;,&quot;speed&quot;:500,&quot;autoplay&quot;:&quot;yes&quot;,&quot;autoplay_speed&quot;:5000,&quot;loop&quot;:&quot;yes&quot;,&quot;pause_on_hover&quot;:&quot;yes&quot;,&quot;pause_on_interaction&quot;:&quot;yes&quot;,&quot;space_between_tablet&quot;:{&quot;unit&quot;:&quot;px&quot;,&quot;size&quot;:10,&quot;sizes&quot;:[]},&quot;space_between_mobile&quot;:{&quot;unit&quot;:&quot;px&quot;,&quot;size&quot;:10,&quot;sizes&quot;:[]}}\" data-widget_type=\"media-carousel.default\">\n\t\t\t\t<div class=\"elementor-widget-container\">\n\t\t\t\t\t\t\t<div class=\"elementor-swiper\">\n\t\t\t<div class=\"elementor-main-swiper swiper\">\n\t\t\t\t<div class=\"swiper-wrapper\">\n\t\t\t\t\t\t\t\t\t\t\t<div class=\"swiper-slide\">\n\t\t\t\t\t\t\t\t\t<div class=\"elementor-carousel-image\" role=\"img\" aria-label=\"proyecto Aqvam arquitectura sostenible por Alicia Castan\" style=\"background-image: url(&#039;https:\/\/www.aliciacastan.com\/wp-content\/uploads\/2020\/07\/AQVAMaquam_vista1.jpg&#039;)\">\n\n\t\t\t\n\t\t\t\t\t<\/div>\n\t\t\t\t\t\t\t\t<\/div>\n\t\t\t\t\t\t\t\t\t\t\t<div class=\"swiper-slide\">\n\t\t\t\t\t\t\t\t\t<div class=\"elementor-carousel-image\" role=\"img\" aria-label=\"AQVAMaquam_vista2.jpg\" style=\"background-image: url(&#039;https:\/\/www.aliciacastan.com\/wp-content\/uploads\/2020\/07\/AQVAMaquam_vista2.jpg&#039;)\">\n\n\t\t\t\n\t\t\t\t\t<\/div>\n\t\t\t\t\t\t\t\t<\/div>\n\t\t\t\t\t\t\t\t\t\t\t<div class=\"swiper-slide\">\n\t\t\t\t\t\t\t\t\t<div class=\"elementor-carousel-image\" role=\"img\" aria-label=\"AQVAMaquam_vista3.jpg\" style=\"background-image: url(&#039;https:\/\/www.aliciacastan.com\/wp-content\/uploads\/2020\/07\/AQVAMaquam_vista3.jpg&#039;)\">\n\n\t\t\t\n\t\t\t\t\t<\/div>\n\t\t\t\t\t\t\t\t<\/div>\n\t\t\t\t\t\t\t\t\t\t\t<div class=\"swiper-slide\">\n\t\t\t\t\t\t\t\t\t<div class=\"elementor-carousel-image\" role=\"img\" aria-label=\"AQVAM5.jpg\" style=\"background-image: url(&#039;https:\/\/www.aliciacastan.com\/wp-content\/uploads\/2020\/07\/AQVAM5.jpg&#039;)\">\n\n\t\t\t\n\t\t\t\t\t<\/div>\n\t\t\t\t\t\t\t\t<\/div>\n\t\t\t\t\t\t\t\t\t\t\t<div class=\"swiper-slide\">\n\t\t\t\t\t\t\t\t\t<div class=\"elementor-carousel-image\" role=\"img\" aria-label=\"AQVAM3.jpg\" style=\"background-image: url(&#039;https:\/\/www.aliciacastan.com\/wp-content\/uploads\/2020\/07\/AQVAM3.jpg&#039;)\">\n\n\t\t\t\n\t\t\t\t\t<\/div>\n\t\t\t\t\t\t\t\t<\/div>\n\t\t\t\t\t\t\t\t\t<\/div>\n\t\t\t\t\t\t\t\t\t\t\t\t\t\t\t\t\t\t\t\t<div class=\"elementor-swiper-button elementor-swiper-button-prev\" role=\"button\" tabindex=\"0\">\n\t\t\t\t\t\t\t<i aria-hidden=\"true\" class=\"eicon-chevron-left\"><\/i>\t\t\t\t\t\t\t<span class=\"elementor-screen-only\">Previous<\/span>\n\t\t\t\t\t\t<\/div>\n\t\t\t\t\t\t<div class=\"elementor-swiper-button elementor-swiper-button-next\" role=\"button\" tabindex=\"0\">\n\t\t\t\t\t\t\t<i aria-hidden=\"true\" class=\"eicon-chevron-right\"><\/i>\t\t\t\t\t\t\t<span class=\"elementor-screen-only\">Next<\/span>\n\t\t\t\t\t\t<\/div>\n\t\t\t\t\t\t\t\t\t\t\t\t<\/div>\n\t\t<\/div>\n\t\t\t\t<div class=\"elementor-swiper\">\n\t\t\t<div class=\"elementor-thumbnails-swiper swiper\">\n\t\t\t\t<div class=\"swiper-wrapper\">\n\t\t\t\t\t\t\t\t\t\t\t<div class=\"swiper-slide\">\n\t\t\t\t\t\t\t\t\t<div class=\"elementor-carousel-image\" role=\"img\" aria-label=\"proyecto Aqvam arquitectura sostenible por Alicia Castan\" style=\"background-image: url(&#039;https:\/\/www.aliciacastan.com\/wp-content\/uploads\/2020\/07\/AQVAMaquam_vista1.jpg&#039;)\">\n\n\t\t\t\n\t\t\t\t\t<\/div>\n\t\t\t\t\t\t\t\t<\/div>\n\t\t\t\t\t\t\t\t\t\t\t<div class=\"swiper-slide\">\n\t\t\t\t\t\t\t\t\t<div class=\"elementor-carousel-image\" role=\"img\" aria-label=\"AQVAMaquam_vista2.jpg\" style=\"background-image: url(&#039;https:\/\/www.aliciacastan.com\/wp-content\/uploads\/2020\/07\/AQVAMaquam_vista2.jpg&#039;)\">\n\n\t\t\t\n\t\t\t\t\t<\/div>\n\t\t\t\t\t\t\t\t<\/div>\n\t\t\t\t\t\t\t\t\t\t\t<div class=\"swiper-slide\">\n\t\t\t\t\t\t\t\t\t<div class=\"elementor-carousel-image\" role=\"img\" aria-label=\"AQVAMaquam_vista3.jpg\" style=\"background-image: url(&#039;https:\/\/www.aliciacastan.com\/wp-content\/uploads\/2020\/07\/AQVAMaquam_vista3.jpg&#039;)\">\n\n\t\t\t\n\t\t\t\t\t<\/div>\n\t\t\t\t\t\t\t\t<\/div>\n\t\t\t\t\t\t\t\t\t\t\t<div class=\"swiper-slide\">\n\t\t\t\t\t\t\t\t\t<div class=\"elementor-carousel-image\" role=\"img\" aria-label=\"AQVAM5.jpg\" style=\"background-image: url(&#039;https:\/\/www.aliciacastan.com\/wp-content\/uploads\/2020\/07\/AQVAM5.jpg&#039;)\">\n\n\t\t\t\n\t\t\t\t\t<\/div>\n\t\t\t\t\t\t\t\t<\/div>\n\t\t\t\t\t\t\t\t\t\t\t<div class=\"swiper-slide\">\n\t\t\t\t\t\t\t\t\t<div class=\"elementor-carousel-image\" role=\"img\" aria-label=\"AQVAM3.jpg\" style=\"background-image: url(&#039;https:\/\/www.aliciacastan.com\/wp-content\/uploads\/2020\/07\/AQVAM3.jpg&#039;)\">\n\n\t\t\t\n\t\t\t\t\t<\/div>\n\t\t\t\t\t\t\t\t<\/div>\n\t\t\t\t\t\t\t\t\t<\/div>\n\t\t\t\t\t\t\t\t\t\t\t\t\t\t\t\t\t\t\t\t\t<\/div>\n\t\t<\/div>\n\t\t\t\t\t\t<\/div>\n\t\t\t\t<\/div>\n\t\t\t\t<div class=\"elementor-element elementor-element-40e9951a elementor-align-center elementor-widget elementor-widget-button\" data-id=\"40e9951a\" data-element_type=\"widget\" data-widget_type=\"button.default\">\n\t\t\t\t<div class=\"elementor-widget-container\">\n\t\t\t\t\t\t\t\t\t<div class=\"elementor-button-wrapper\">\n\t\t\t\t\t<a class=\"elementor-button elementor-button-link elementor-size-sm\" href=\"https:\/\/www.aliciacastan.com\/wp-content\/uploads\/2022\/09\/PROJECTE-AQVAM-CENTRE-INTERNACIONAL-DE-LA-BIOSFERA.pdf\">\n\t\t\t\t\t\t<span class=\"elementor-button-content-wrapper\">\n\t\t\t\t\t\t\t\t\t<span class=\"elementor-button-text\">DESCARREGA EL PROJECTE EN PDF<\/span>\n\t\t\t\t\t<\/span>\n\t\t\t\t\t<\/a>\n\t\t\t\t<\/div>\n\t\t\t\t\t\t\t\t<\/div>\n\t\t\t\t<\/div>\n\t\t\t\t\t<\/div>\n\t\t<\/div>\n\t\t\t\t\t<\/div>\n\t\t<\/section>\n\t\t\t\t<\/div>\n\t\t","protected":false},"excerpt":{"rendered":"<p>AQVAM Centre d&#8217;Investigaci\u00f3 Mar\u00edtima Pals, Girona. Anterior Siguiente DESCARREGA EL PROJECTE EN PDF<\/p>\n","protected":false},"author":1,"featured_media":0,"parent":0,"menu_order":0,"comment_status":"closed","ping_status":"closed","template":"elementor_header_footer","meta":{"site-sidebar-layout":"no-sidebar","site-content-layout":"page-builder","ast-site-content-layout":"","site-content-style":"default","site-sidebar-style":"default","ast-global-header-display":"","ast-banner-title-visibility":"","ast-main-header-display":"","ast-hfb-above-header-display":"","ast-hfb-below-header-display":"","ast-hfb-mobile-header-display":"","site-post-title":"disabled","ast-breadcrumbs-content":"","ast-featured-img":"disabled","footer-sml-layout":"","theme-transparent-header-meta":"default","adv-header-id-meta":"","stick-header-meta":"","header-above-stick-meta":"","header-main-stick-meta":"","header-below-stick-meta":"","astra-migrate-meta-layouts":"default","ast-page-background-enabled":"default","ast-page-background-meta":{"desktop":{"background-color":"","background-image":"","background-repeat":"repeat","background-position":"center center","background-size":"auto","background-attachment":"scroll","background-type":"","background-media":"","overlay-type":"","overlay-color":"","overlay-opacity":"","overlay-gradient":""},"tablet":{"background-color":"","background-image":"","background-repeat":"repeat","background-position":"center center","background-size":"auto","background-attachment":"scroll","background-type":"","background-media":"","overlay-type":"","overlay-color":"","overlay-opacity":"","overlay-gradient":""},"mobile":{"background-color":"","background-image":"","background-repeat":"repeat","background-position":"center center","background-size":"auto","background-attachment":"scroll","background-type":"","background-media":"","overlay-type":"","overlay-color":"","overlay-opacity":"","overlay-gradient":""}},"ast-content-background-meta":{"desktop":{"background-color":"var(--ast-global-color-5)","background-image":"","background-repeat":"repeat","background-position":"center center","background-size":"auto","background-attachment":"scroll","background-type":"","background-media":"","overlay-type":"","overlay-color":"","overlay-opacity":"","overlay-gradient":""},"tablet":{"background-color":"var(--ast-global-color-5)","background-image":"","background-repeat":"repeat","background-position":"center center","background-size":"auto","background-attachment":"scroll","background-type":"","background-media":"","overlay-type":"","overlay-color":"","overlay-opacity":"","overlay-gradient":""},"mobile":{"background-color":"var(--ast-global-color-5)","background-image":"","background-repeat":"repeat","background-position":"center center","background-size":"auto","background-attachment":"scroll","background-type":"","background-media":"","overlay-type":"","overlay-color":"","overlay-opacity":"","overlay-gradient":""}},"footnotes":""},"class_list":["post-394","page","type-page","status-publish","hentry"],"yoast_head":"<!-- This site is optimized with the Yoast SEO plugin v19.10 - https:\/\/yoast.com\/wordpress\/plugins\/seo\/ -->\n<title>Projecte AQVAM - Alicia Castan<\/title>\n<meta name=\"description\" content=\"El Centre d&#039;Investigaci\u00f3 Mar\u00edtima \u00e9s un projecte d&#039;arquitectura sostenible amb Feng Shui integrat realizat a Girona per l&#039;arquitecta Alicia Castan\" \/>\n<meta name=\"robots\" content=\"index, follow, max-snippet:-1, max-image-preview:large, max-video-preview:-1\" \/>\n<link rel=\"canonical\" href=\"https:\/\/www.aliciacastan.com\/ca\/projecte-aqvam\/\" \/>\n<meta property=\"og:locale\" content=\"ca_ES\" \/>\n<meta property=\"og:type\" content=\"article\" \/>\n<meta property=\"og:title\" content=\"Projecte AQVAM - Alicia Castan\" \/>\n<meta property=\"og:description\" content=\"El Centre d&#039;Investigaci\u00f3 Mar\u00edtima \u00e9s un projecte d&#039;arquitectura sostenible amb Feng Shui integrat realizat a Girona per l&#039;arquitecta Alicia Castan\" \/>\n<meta property=\"og:url\" content=\"https:\/\/www.aliciacastan.com\/ca\/projecte-aqvam\/\" \/>\n<meta property=\"og:site_name\" content=\"Alicia Castan\" \/>\n<meta property=\"article:modified_time\" content=\"2025-01-27T15:46:58+00:00\" \/>\n<meta name=\"twitter:card\" content=\"summary_large_image\" \/>\n<meta name=\"twitter:label1\" content=\"Temps estimat de lectura\" \/>\n\t<meta name=\"twitter:data1\" content=\"1 minut\" \/>\n<script type=\"application\/ld+json\" class=\"yoast-schema-graph\">{\"@context\":\"https:\/\/schema.org\",\"@graph\":[{\"@type\":\"WebPage\",\"@id\":\"https:\/\/www.aliciacastan.com\/ca\/projecte-aqvam\/\",\"url\":\"https:\/\/www.aliciacastan.com\/ca\/projecte-aqvam\/\",\"name\":\"Projecte AQVAM - Alicia Castan\",\"isPartOf\":{\"@id\":\"https:\/\/www.aliciacastan.com\/ca\/#website\"},\"datePublished\":\"2020-07-14T13:06:05+00:00\",\"dateModified\":\"2025-01-27T15:46:58+00:00\",\"description\":\"El Centre d'Investigaci\u00f3 Mar\u00edtima \u00e9s un projecte d'arquitectura sostenible amb Feng Shui integrat realizat a Girona per l'arquitecta Alicia Castan\",\"breadcrumb\":{\"@id\":\"https:\/\/www.aliciacastan.com\/ca\/projecte-aqvam\/#breadcrumb\"},\"inLanguage\":\"ca\",\"potentialAction\":[{\"@type\":\"ReadAction\",\"target\":[\"https:\/\/www.aliciacastan.com\/ca\/projecte-aqvam\/\"]}]},{\"@type\":\"BreadcrumbList\",\"@id\":\"https:\/\/www.aliciacastan.com\/ca\/projecte-aqvam\/#breadcrumb\",\"itemListElement\":[{\"@type\":\"ListItem\",\"position\":1,\"name\":\"Portada\",\"item\":\"https:\/\/www.aliciacastan.com\/ca\/\"},{\"@type\":\"ListItem\",\"position\":2,\"name\":\"Projecte AQVAM\"}]},{\"@type\":\"WebSite\",\"@id\":\"https:\/\/www.aliciacastan.com\/ca\/#website\",\"url\":\"https:\/\/www.aliciacastan.com\/ca\/\",\"name\":\"Alicia Castan\",\"description\":\"Arquitectura | Sostenibilidad | Feng Shui\",\"publisher\":{\"@id\":\"https:\/\/www.aliciacastan.com\/ca\/#organization\"},\"potentialAction\":[{\"@type\":\"SearchAction\",\"target\":{\"@type\":\"EntryPoint\",\"urlTemplate\":\"https:\/\/www.aliciacastan.com\/ca\/?s={search_term_string}\"},\"query-input\":\"required name=search_term_string\"}],\"inLanguage\":\"ca\"},{\"@type\":\"Organization\",\"@id\":\"https:\/\/www.aliciacastan.com\/ca\/#organization\",\"name\":\"Alicia Castan\",\"url\":\"https:\/\/www.aliciacastan.com\/ca\/\",\"logo\":{\"@type\":\"ImageObject\",\"inLanguage\":\"ca\",\"@id\":\"https:\/\/www.aliciacastan.com\/ca\/#\/schema\/logo\/image\/\",\"url\":\"https:\/\/www.aliciacastan.com\/wp-content\/uploads\/2020\/07\/cropped-AliciaCastan_Logo_Grande_Negro_fondo_blanco.jpg\",\"contentUrl\":\"https:\/\/www.aliciacastan.com\/wp-content\/uploads\/2020\/07\/cropped-AliciaCastan_Logo_Grande_Negro_fondo_blanco.jpg\",\"width\":1667,\"height\":1221,\"caption\":\"Alicia Castan\"},\"image\":{\"@id\":\"https:\/\/www.aliciacastan.com\/ca\/#\/schema\/logo\/image\/\"}}]}<\/script>\n<!-- \/ Yoast SEO plugin. -->","yoast_head_json":{"title":"Projecte AQVAM - Alicia Castan","description":"El Centre d'Investigaci\u00f3 Mar\u00edtima \u00e9s un projecte d'arquitectura sostenible amb Feng Shui integrat realizat a Girona per l'arquitecta Alicia Castan","robots":{"index":"index","follow":"follow","max-snippet":"max-snippet:-1","max-image-preview":"max-image-preview:large","max-video-preview":"max-video-preview:-1"},"canonical":"https:\/\/www.aliciacastan.com\/ca\/projecte-aqvam\/","og_locale":"ca_ES","og_type":"article","og_title":"Projecte AQVAM - Alicia Castan","og_description":"El Centre d'Investigaci\u00f3 Mar\u00edtima \u00e9s un projecte d'arquitectura sostenible amb Feng Shui integrat realizat a Girona per l'arquitecta Alicia Castan","og_url":"https:\/\/www.aliciacastan.com\/ca\/projecte-aqvam\/","og_site_name":"Alicia Castan","article_modified_time":"2025-01-27T15:46:58+00:00","twitter_card":"summary_large_image","twitter_misc":{"Temps estimat de lectura":"1 minut"},"schema":{"@context":"https:\/\/schema.org","@graph":[{"@type":"WebPage","@id":"https:\/\/www.aliciacastan.com\/ca\/projecte-aqvam\/","url":"https:\/\/www.aliciacastan.com\/ca\/projecte-aqvam\/","name":"Projecte AQVAM - Alicia Castan","isPartOf":{"@id":"https:\/\/www.aliciacastan.com\/ca\/#website"},"datePublished":"2020-07-14T13:06:05+00:00","dateModified":"2025-01-27T15:46:58+00:00","description":"El Centre d'Investigaci\u00f3 Mar\u00edtima \u00e9s un projecte d'arquitectura sostenible amb Feng Shui integrat realizat a Girona per l'arquitecta Alicia Castan","breadcrumb":{"@id":"https:\/\/www.aliciacastan.com\/ca\/projecte-aqvam\/#breadcrumb"},"inLanguage":"ca","potentialAction":[{"@type":"ReadAction","target":["https:\/\/www.aliciacastan.com\/ca\/projecte-aqvam\/"]}]},{"@type":"BreadcrumbList","@id":"https:\/\/www.aliciacastan.com\/ca\/projecte-aqvam\/#breadcrumb","itemListElement":[{"@type":"ListItem","position":1,"name":"Portada","item":"https:\/\/www.aliciacastan.com\/ca\/"},{"@type":"ListItem","position":2,"name":"Projecte AQVAM"}]},{"@type":"WebSite","@id":"https:\/\/www.aliciacastan.com\/ca\/#website","url":"https:\/\/www.aliciacastan.com\/ca\/","name":"Alicia Castan","description":"Arquitectura | Sostenibilidad | Feng Shui","publisher":{"@id":"https:\/\/www.aliciacastan.com\/ca\/#organization"},"potentialAction":[{"@type":"SearchAction","target":{"@type":"EntryPoint","urlTemplate":"https:\/\/www.aliciacastan.com\/ca\/?s={search_term_string}"},"query-input":"required name=search_term_string"}],"inLanguage":"ca"},{"@type":"Organization","@id":"https:\/\/www.aliciacastan.com\/ca\/#organization","name":"Alicia Castan","url":"https:\/\/www.aliciacastan.com\/ca\/","logo":{"@type":"ImageObject","inLanguage":"ca","@id":"https:\/\/www.aliciacastan.com\/ca\/#\/schema\/logo\/image\/","url":"https:\/\/www.aliciacastan.com\/wp-content\/uploads\/2020\/07\/cropped-AliciaCastan_Logo_Grande_Negro_fondo_blanco.jpg","contentUrl":"https:\/\/www.aliciacastan.com\/wp-content\/uploads\/2020\/07\/cropped-AliciaCastan_Logo_Grande_Negro_fondo_blanco.jpg","width":1667,"height":1221,"caption":"Alicia Castan"},"image":{"@id":"https:\/\/www.aliciacastan.com\/ca\/#\/schema\/logo\/image\/"}}]}},"_links":{"self":[{"href":"https:\/\/www.aliciacastan.com\/ca\/wp-json\/wp\/v2\/pages\/394","targetHints":{"allow":["GET"]}}],"collection":[{"href":"https:\/\/www.aliciacastan.com\/ca\/wp-json\/wp\/v2\/pages"}],"about":[{"href":"https:\/\/www.aliciacastan.com\/ca\/wp-json\/wp\/v2\/types\/page"}],"author":[{"embeddable":true,"href":"https:\/\/www.aliciacastan.com\/ca\/wp-json\/wp\/v2\/users\/1"}],"replies":[{"embeddable":true,"href":"https:\/\/www.aliciacastan.com\/ca\/wp-json\/wp\/v2\/comments?post=394"}],"version-history":[{"count":14,"href":"https:\/\/www.aliciacastan.com\/ca\/wp-json\/wp\/v2\/pages\/394\/revisions"}],"predecessor-version":[{"id":2776,"href":"https:\/\/www.aliciacastan.com\/ca\/wp-json\/wp\/v2\/pages\/394\/revisions\/2776"}],"wp:attachment":[{"href":"https:\/\/www.aliciacastan.com\/ca\/wp-json\/wp\/v2\/media?parent=394"}],"curies":[{"name":"wp","href":"https:\/\/api.w.org\/{rel}","templated":true}]}}