{"id":915,"date":"2020-07-17T06:41:24","date_gmt":"2020-07-17T06:41:24","guid":{"rendered":"https:\/\/www.aliciacastan.com\/politica-de-cookies\/"},"modified":"2020-07-17T06:41:24","modified_gmt":"2020-07-17T06:41:24","slug":"politica-de-cookies","status":"publish","type":"page","link":"https:\/\/www.aliciacastan.com\/ca\/politica-de-cookies\/","title":{"rendered":"Pol\u00edtica de cookies"},"content":{"rendered":"\n<p>Al web www.aliciacastan.com (en endavant, el lloc web) utilitzem cookies per a facilitar la relaci\u00f3 dels visitants amb el nostre contingut i per permetre l&#8217;elaboraci\u00f3 d&#8217;estad\u00edstiques sobre els visitants que reben.&#13;\nL&#8217;informem qu\u00e8 podem utilitzar cookies amb l&#8217;aplicaci\u00f3 de facilitar la seva navegaci\u00f3 a trav\u00e9s del lloc web, distingir d&#8217;altres usuaris, proporcionar una millor experi\u00e8ncia en l&#8217;\u00fas de la mateixa, i identificar problemes per millorar el nostre lloc web. De la mateixa manera, en cas que presti el seu consentiment, utilitzarem cookies que ens permetran obtenir m\u00e9s informaci\u00f3 sobre les seves prefer\u00e8ncies i personalitzar el nostre lloc web de conformitat amb els seus interessos individuals.&#13;\nQu\u00e8 s\u00f3n les galetes?&#13;\nEs denominen galetes a uns petits arxius que es graven en el navegador utilitzat per cada visitant del nostre web perqu\u00e8 el servidor pugui recordar la visita d&#8217;aquest usuari amb posterioritat quan torni a accedir als nostres continguts. Aquesta informaci\u00f3 no revela la seva identitat, ni dada personal, ni acc\u00e9s a l&#8217;contingut emmagatzemat a l&#8217;ordinador, per\u00f2 s\u00ed que permet que el nostre sistema identifiqui a vost\u00e8 com un usuari identificat que ja visita el web amb anterioritat, visualitza les p\u00e0gines controlades, etc. ia m\u00e9s permet guardar les seves prefer\u00e8ncies personals i informaci\u00f3 t\u00e8cnica com ara les visites realitzades o p\u00e0gines concretes que visiti.&#13;\nEn compliment de la Directiva 2009\/136 \/ CE, desenvolupada en el nostre ordenament per l&#8217;apartat segon de l&#8217;article 22 de la Llei de Serveis de la Societat de la Informaci\u00f3, seguint les directrius de l&#8217;Ag\u00e8ncia Espanyola de Protecci\u00f3 de Dades, procedim a informar-rellevantment de l&#8217;\u00fas que es realitza al nostre web.&#13;\nLa present pol\u00edtica de cookies t\u00e9 per prop\u00f2sit informar-lo de manera clara i precisa sobre les cookies que s&#8217;utilitzen en el nostre lloc web (la &#8220;Pol\u00edtica de Cookies&#8221;).&#13;\nRespecte de les galetes de tercers, \u00e9s a dir que han de s\u00f3n alienes al nostre lloc web, no podem fer-nos responsables de el contingut i veracitat de les pol\u00edtiques de privacitat que ells inclouen de manera que la informaci\u00f3 que ofereix \u00e9s sempre amb refer\u00e8ncia a la font.&#13;\nA continuaci\u00f3, es realitza una classificaci\u00f3 de les galetes en funci\u00f3 d&#8217;una s\u00e8rie de categories. No obstant aix\u00f2, cal tenir en compte que una mateixa galeta pot estar inclosa en m\u00e9s d&#8217;una categoria.&#13;\nTipus de galetes segons l&#8217;entitat que les gestiona<\/p>\n\n<ul class=\"wp-block-list\"><li>Galetes pr\u00f2pies: S\u00f3n aquelles que s&#8217;envien a l&#8217;equip terminal de l&#8217;usuari des d&#8217;un equip o domini gestionat pel propi editor i des del qual es presta el servei sol\u00b7licitat per l&#8217;usuari.<\/li><li><ul><li>Galetes de tercers: S\u00f3n aquelles que s&#8217;envien a l&#8217;equip terminal de l&#8217;usuari des d&#8217;un equip o domini que no \u00e9s gestionat per l&#8217;editor, sin\u00f3 per una altra entitat que tracta les dades Tipus de galetes segons el termini de temps que romanen actives<\/li><\/ul><\/li><li><ul><li><ul><li>Galetes de sessi\u00f3: S\u00f3n un tipus de galetes dissenyades per a demanar i emmagatzemar dades mentre l&#8217;usuari accedeix a una p\u00e0gina web.&#13;\n<\/li><\/ul><\/li><\/ul><\/li><li><ul><li><ul><li><ul><li>Galetes persistents: S\u00f3n un tipus de galetes en el qual les dades segueixen emmagatzemats en el terminal i poden ser accedits i tractats durant un per\u00edode definit pel responsable de la galeta, i que pot anar d&#8217;uns minuts a diversos anys. Tipus de galetes segons la seva finalitat<\/li><\/ul><\/li><\/ul><\/li><\/ul><\/li><li><ul><li><ul><li><ul><li><ul><li>Galetes t\u00e8cniques: Aquelles que permeten a l&#8217;usuari la navegaci\u00f3 a trav\u00e9s d&#8217;una p\u00e0gina web, plataforma o aplicaci\u00f3 i la utilitzaci\u00f3 de les diferents opcions o serveis que en ella hi hagi com, per exemple, controlar el tr\u00e0nsit i la comunicaci\u00f3 de dades, identificar la sessi\u00f3 , accedir a parts d&#8217;acc\u00e9s restringit, recordar els elements que integren una comanda, realitzar el proc\u00e9s de compra d&#8217;una comanda, realitzar la sol\u00b7licitud d&#8217;inscripci\u00f3 o participaci\u00f3 en un esdeveniment, utilitzar elements de seguretat durant la navegaci\u00f3, emmagatzemar continguts per a la difusi\u00f3 de v\u00eddeos o so o compartir continguts a trav\u00e9s de xarxes socials.<\/li><\/ul><\/li><\/ul><\/li><\/ul><\/li><\/ul><\/li><li><ul><li><ul><li><ul><li><ul><li><ul><li>Galetes de personalitzaci\u00f3: S\u00f3n aquelles que permeten a l&#8217;usuari accedir a el servei amb algunes caracter\u00edstiques de car\u00e0cter general predefinides en funci\u00f3 d&#8217;una s\u00e8rie de criteris en el terminal de l&#8217;usuari com ara serien l&#8217;idioma, el tipus de navegador a trav\u00e9s del qual accedeix a el servei , la configuraci\u00f3 regional des d&#8217;on s&#8217;accedeix a el servei, etc.<\/li><\/ul><\/li><\/ul><\/li><\/ul><\/li><\/ul><\/li><\/ul><\/li><li><ul><li><ul><li><ul><li><ul><li><ul><li><ul><li>Galetes publicit\u00e0ries: S\u00f3n aquelles que permeten la gesti\u00f3, de la forma m\u00e9s efica\u00e7 possible, dels espais publicitaris que, si escau, l&#8217;editor hagi incl\u00f2s en una p\u00e0gina web, aplicaci\u00f3 o plataforma des de la qual presta el servei sol\u00b7licitat en base a criteris com el contingut editat o la freq\u00fc\u00e8ncia en qu\u00e8 es mostren els anuncis.&#13;\n<\/li><\/ul><\/li><\/ul><\/li><\/ul><\/li><\/ul><\/li><\/ul><\/li><\/ul><\/li><li><ul><li><ul><li><ul><li><ul><li><ul><li><ul><li><ul><li>Galetes de publicitat comportamental: S\u00f3n aquelles que permeten la gesti\u00f3, de la forma m\u00e9s efica\u00e7 possible, dels espais publicitaris que, si escau, l&#8217;editor hagi incl\u00f2s en una p\u00e0gina web, aplicaci\u00f3 o plataforma des de la qual presta el servei sol\u00b7licitat. Aquestes galetes emmagatzemen informaci\u00f3 de l&#8217;comportament dels usuaris obtinguda a trav\u00e9s de l&#8217;observaci\u00f3 continuada dels seus h\u00e0bits de navegaci\u00f3, el que permet desenvolupar un perfil espec\u00edfic per mostrar publicitat en funci\u00f3 de la mateixa.<\/li><\/ul><\/li><\/ul><\/li><\/ul><\/li><\/ul><\/li><\/ul><\/li><\/ul><\/li><\/ul><\/li><li><ul><li><ul><li><ul><li><ul><li><ul><li><ul><li><ul><li><ul><li>Galetes d&#8217;an\u00e0lisi: S\u00f3n aquelles que permeten a l&#8217;responsable de les mateixes, el seguiment i an\u00e0lisi de l&#8217;comportament dels usuaris dels llocs web als que estan vinculades. La informaci\u00f3 recollida mitjan\u00e7ant aquest tipus de galetes s&#8217;utilitza en el mesurament de l&#8217;activitat dels llocs web, aplicaci\u00f3 o plataforma i per a l&#8217;elaboraci\u00f3 de perfils de navegaci\u00f3 dels usuaris d&#8217;aquests llocs, aplicacions i plataformes, per tal d&#8217;introduir millores en funci\u00f3 de l&#8217;an\u00e0lisi de les dades d&#8217;\u00fas que fan els usuaris de el servei.&#13;\nPel que fa a el tractament de dades demanades a trav\u00e9s de les cookies d&#8217;an\u00e0lisi, tot i que no estan exemptes de l&#8217;deure d&#8217;obtenir un consentiment informat per al seu \u00fas, \u00e9s poc probable que representin un risc per a la privacitat dels usuaris sempre que es tracti de galetes de primera part, que tractin dades agregades amb una finalitat estrictament estad\u00edstica, que es faciliti informaci\u00f3 sobre els seus \u00fas i s&#8217;inclogui la possibilitat que els usuaris manifestin la seva negativa sobre la seva utilitzaci\u00f3.&#13;\nActualment, la majoria dels navegadors v\u00e9nen configurats per defecte per bloquejar la instal\u00b7laci\u00f3 de cookies de publicitat o tercers en el seu equip. L&#8217;usuari pot ampliar les restriccions d&#8217;origen, impedint l&#8217;entrada de qualsevol tipus de galeta, o eliminar aquestes restriccions, acceptant l&#8217;entrada de qualsevol tipus de galetes. Si est\u00e0 interessat en admetre galetes de publicitat o de tercers, podr\u00e0 configurar el seu navegador a aquest fi.&#13;\nL&#8217;acceptaci\u00f3 realitzada per l&#8217;usuari, fent clic al bot\u00f3 de ACCEPTAR mostrat en la informaci\u00f3 inicial sobre galetes, implica que est\u00e0 consentint expressament a l&#8217;responsable per a la seva utilitzaci\u00f3, podent exercir els seus drets i revocar el seu consentiment en qualsevol moment, mitjan\u00e7ant sol\u00b7licitud a AL\u00cdCIA CASTAN.&#13;\nA continuaci\u00f3 l&#8217;informem detalladament totes les galetes que podrien arribar a instal\u00b7lar-se des del nostre lloc web. En funci\u00f3 de la seva navegaci\u00f3, de la configuraci\u00f3 del seu navegador i de l&#8217;acceptaci\u00f3 o rebuig de les mateixes, podran instal\u00b7lar-se totes o nom\u00e9s algunes d&#8217;elles.<\/li><\/ul><\/li><\/ul><\/li><\/ul><\/li><\/ul><\/li><\/ul><\/li><\/ul><\/li><\/ul><\/li><\/ul><\/li><\/ul>\n\n<p>\u00c9s possible que actualitzem la Pol\u00edtica de Cookies del nostre lloc web, per aix\u00f2 li recomanem revisar aquesta pol\u00edtica cada vegada que accedeixi al nostre Lloc Web amb l&#8217;objectiu d&#8217;estar adequadament informat sobre com i per a qu\u00e8 fem servir les galetes&#13;\nLa finalitat de les cookies \u00e9s la de facilitar a l&#8217;Usuari un acc\u00e9s m\u00e9s r\u00e0pid als Serveis seleccionats.&#13;\nSi vost\u00e8 no desitja que es guardin cookies o prefereix rebre una informaci\u00f3 cada vegada que una galeta sol\u00b7liciti instal\u00b7lar-se, per configurar els vostres opcions de navegaci\u00f3 perqu\u00e8 es faci d&#8217;aquesta forma.&#13;\nLa major part dels navegadors permeten la gesti\u00f3 de les cookies de 3 formes diferents:<\/p>\n\n<ul class=\"wp-block-list\"><li> Les cookies s\u00f3n sempre rebutjades;<\/li><li><ul><li>El navegador pregunta si l&#8217;usuari vol instal\u00b7lar cada galeta;<\/li><\/ul><\/li><li><ul><li><ul><li>&#13;\nLes cookies s\u00f3n sempre acceptades; El seu navegador tamb\u00e9 pot incloure la possibilitat de seleccionar amb detall les galetes que desitja que s&#8217;instal\u00b7lin al seu ordinador. En concret, l&#8217;usuari pot normalment acceptar alguna de les seg\u00fcents opcions:<\/li><\/ul><\/li><\/ul><\/li><li><ul><li><ul><li><ul><li>Rebutjar les cookies de determinats dominis;<\/li><\/ul><\/li><\/ul><\/li><\/ul><\/li><li><ul><li><ul><li><ul><li><ul><li> Rebutjar les cookies de tercers;<\/li><\/ul><\/li><\/ul><\/li><\/ul><\/li><\/ul><\/li><li><ul><li><ul><li><ul><li><ul><li><ul><li>Accepta galetes com no persistents (s&#8217;eliminen quan el navegador es tanca);<\/li><\/ul><\/li><\/ul><\/li><\/ul><\/li><\/ul><\/li><\/ul><\/li><li><ul><li><ul><li><ul><li><ul><li><ul><li><ul><li>Permetre el servidor crear cookies per un domini diferent.&#13;\nPer permetre, con\u00e8ixer, bloquejar o eliminar les cookies instal\u00b7lades en el seu equip pot fer-ho mitjan\u00e7ant la configuraci\u00f3 de les opcions de el navegador en el vostre ordinador.&#13;\nPodeu trobar informaci\u00f3 sobre com configurar els navegadors m\u00e9s usats en les seg\u00fcents ubicacions:<\/li><\/ul><\/li><\/ul><\/li><\/ul><\/li><\/ul><\/li><\/ul><\/li><\/ul><\/li><li>&#13;\n\u2022 Internet Explorer: Eines -&gt; Opcions d&#8217;Internet -&gt; Privacitat -&gt; Configuraci\u00f3. Per a m\u00e9s informaci\u00f3, pot consultar el suport de Microsoft o l&#8217;Ajuda de el navegador.<\/li><li>&#13;\n\u2022 Firefox: Eines -&gt; Opcions -&gt; Privadesa -&gt; Hist\u00f2ric -&gt; Configuraci\u00f3 Personalitzada. Per a m\u00e9s informaci\u00f3, podeu consultar el suport de Mozilla o l&#8217;Ajuda de el navegador.<\/li><li>&#13;\n\u2022 Chrome: Configuraci\u00f3 -&gt; Mostra opcions avan\u00e7ades -&gt; Privadesa -&gt; Configuraci\u00f3 de contingut. Per a m\u00e9s informaci\u00f3, podeu consultar el suport de Google o l&#8217;Ajuda de el navegador.<\/li><li>\u2022 Safari: Prefer\u00e8ncies -&gt; Seguretat. Per a m\u00e9s informaci\u00f3, pot consultar el suport d&#8217;Apple o l&#8217;Ajuda de el navegador.&#13;\nSi ha acceptat carregar les galetes de Google Analytics, tamb\u00e9 pot revocar en qualsevol moment aquesta acceptaci\u00f3 utilitzant el &#8220;Complement d&#8217;inhabilitaci\u00f3 per a navegadors de Google Analytics&#8221;, accedint a la seg\u00fcent p\u00e0gina web i seguint les instruccions que aqu\u00ed es detallen:<\/li><li>https:\/\/tools.google.com\/dlpage\/gaoptout?hl=es<\/li><\/ul>\n","protected":false},"excerpt":{"rendered":"<p>Al web www.aliciacastan.com (en endavant, el lloc web) utilitzem cookies per a facilitar la relaci\u00f3 dels visitants amb el nostre contingut i per permetre l&#8217;elaboraci\u00f3 d&#8217;estad\u00edstiques sobre els visitants que reben.&#13; L&#8217;informem qu\u00e8 podem utilitzar cookies amb l&#8217;aplicaci\u00f3 de facilitar la seva navegaci\u00f3 a trav\u00e9s del lloc web, distingir d&#8217;altres usuaris, proporcionar una millor experi\u00e8ncia [&hellip;]<\/p>\n","protected":false},"author":1,"featured_media":0,"parent":0,"menu_order":0,"comment_status":"closed","ping_status":"closed","template":"","meta":{"site-sidebar-layout":"default","site-content-layout":"","ast-site-content-layout":"","site-content-style":"default","site-sidebar-style":"default","ast-global-header-display":"","ast-banner-title-visibility":"","ast-main-header-display":"","ast-hfb-above-header-display":"","ast-hfb-below-header-display":"","ast-hfb-mobile-header-display":"","site-post-title":"","ast-breadcrumbs-content":"","ast-featured-img":"","footer-sml-layout":"","theme-transparent-header-meta":"","adv-header-id-meta":"","stick-header-meta":"","header-above-stick-meta":"","header-main-stick-meta":"","header-below-stick-meta":"","astra-migrate-meta-layouts":"default","ast-page-background-enabled":"default","ast-page-background-meta":{"desktop":{"background-color":"","background-image":"","background-repeat":"repeat","background-position":"center center","background-size":"auto","background-attachment":"scroll","background-type":"","background-media":"","overlay-type":"","overlay-color":"","overlay-opacity":"","overlay-gradient":""},"tablet":{"background-color":"","background-image":"","background-repeat":"repeat","background-position":"center center","background-size":"auto","background-attachment":"scroll","background-type":"","background-media":"","overlay-type":"","overlay-color":"","overlay-opacity":"","overlay-gradient":""},"mobile":{"background-color":"","background-image":"","background-repeat":"repeat","background-position":"center center","background-size":"auto","background-attachment":"scroll","background-type":"","background-media":"","overlay-type":"","overlay-color":"","overlay-opacity":"","overlay-gradient":""}},"ast-content-background-meta":{"desktop":{"background-color":"var(--ast-global-color-5)","background-image":"","background-repeat":"repeat","background-position":"center center","background-size":"auto","background-attachment":"scroll","background-type":"","background-media":"","overlay-type":"","overlay-color":"","overlay-opacity":"","overlay-gradient":""},"tablet":{"background-color":"var(--ast-global-color-5)","background-image":"","background-repeat":"repeat","background-position":"center center","background-size":"auto","background-attachment":"scroll","background-type":"","background-media":"","overlay-type":"","overlay-color":"","overlay-opacity":"","overlay-gradient":""},"mobile":{"background-color":"var(--ast-global-color-5)","background-image":"","background-repeat":"repeat","background-position":"center center","background-size":"auto","background-attachment":"scroll","background-type":"","background-media":"","overlay-type":"","overlay-color":"","overlay-opacity":"","overlay-gradient":""}},"footnotes":""},"class_list":["post-915","page","type-page","status-publish","hentry"],"yoast_head":"<!-- This site is optimized with the Yoast SEO plugin v19.10 - https:\/\/yoast.com\/wordpress\/plugins\/seo\/ -->\n<title>Pol\u00edtica de cookies - Alicia Castan<\/title>\n<meta name=\"robots\" content=\"index, follow, max-snippet:-1, max-image-preview:large, max-video-preview:-1\" \/>\n<link rel=\"canonical\" href=\"https:\/\/www.aliciacastan.com\/ca\/politica-de-cookies\/\" \/>\n<meta property=\"og:locale\" content=\"ca_ES\" \/>\n<meta property=\"og:type\" content=\"article\" \/>\n<meta property=\"og:title\" content=\"Pol\u00edtica de cookies - Alicia Castan\" \/>\n<meta property=\"og:description\" content=\"Al web www.aliciacastan.com (en endavant, el lloc web) utilitzem cookies per a facilitar la relaci\u00f3 dels visitants amb el nostre contingut i per permetre l&#8217;elaboraci\u00f3 d&#8217;estad\u00edstiques sobre els visitants que reben.&#013; L&#8217;informem qu\u00e8 podem utilitzar cookies amb l&#8217;aplicaci\u00f3 de facilitar la seva navegaci\u00f3 a trav\u00e9s del lloc web, distingir d&#8217;altres usuaris, proporcionar una millor experi\u00e8ncia [&hellip;]\" \/>\n<meta property=\"og:url\" content=\"https:\/\/www.aliciacastan.com\/ca\/politica-de-cookies\/\" \/>\n<meta property=\"og:site_name\" content=\"Alicia Castan\" \/>\n<meta name=\"twitter:card\" content=\"summary_large_image\" \/>\n<meta name=\"twitter:label1\" content=\"Temps estimat de lectura\" \/>\n\t<meta name=\"twitter:data1\" content=\"8 minuts\" \/>\n<script type=\"application\/ld+json\" class=\"yoast-schema-graph\">{\"@context\":\"https:\/\/schema.org\",\"@graph\":[{\"@type\":\"WebPage\",\"@id\":\"https:\/\/www.aliciacastan.com\/ca\/politica-de-cookies\/\",\"url\":\"https:\/\/www.aliciacastan.com\/ca\/politica-de-cookies\/\",\"name\":\"Pol\u00edtica de cookies - Alicia Castan\",\"isPartOf\":{\"@id\":\"https:\/\/www.aliciacastan.com\/ca\/#website\"},\"datePublished\":\"2020-07-17T06:41:24+00:00\",\"dateModified\":\"2020-07-17T06:41:24+00:00\",\"breadcrumb\":{\"@id\":\"https:\/\/www.aliciacastan.com\/ca\/politica-de-cookies\/#breadcrumb\"},\"inLanguage\":\"ca\",\"potentialAction\":[{\"@type\":\"ReadAction\",\"target\":[\"https:\/\/www.aliciacastan.com\/ca\/politica-de-cookies\/\"]}]},{\"@type\":\"BreadcrumbList\",\"@id\":\"https:\/\/www.aliciacastan.com\/ca\/politica-de-cookies\/#breadcrumb\",\"itemListElement\":[{\"@type\":\"ListItem\",\"position\":1,\"name\":\"Portada\",\"item\":\"https:\/\/www.aliciacastan.com\/ca\/\"},{\"@type\":\"ListItem\",\"position\":2,\"name\":\"Pol\u00edtica de cookies\"}]},{\"@type\":\"WebSite\",\"@id\":\"https:\/\/www.aliciacastan.com\/ca\/#website\",\"url\":\"https:\/\/www.aliciacastan.com\/ca\/\",\"name\":\"Alicia Castan\",\"description\":\"Arquitectura | Sostenibilidad | Feng Shui\",\"publisher\":{\"@id\":\"https:\/\/www.aliciacastan.com\/ca\/#organization\"},\"potentialAction\":[{\"@type\":\"SearchAction\",\"target\":{\"@type\":\"EntryPoint\",\"urlTemplate\":\"https:\/\/www.aliciacastan.com\/ca\/?s={search_term_string}\"},\"query-input\":\"required name=search_term_string\"}],\"inLanguage\":\"ca\"},{\"@type\":\"Organization\",\"@id\":\"https:\/\/www.aliciacastan.com\/ca\/#organization\",\"name\":\"Alicia Castan\",\"url\":\"https:\/\/www.aliciacastan.com\/ca\/\",\"logo\":{\"@type\":\"ImageObject\",\"inLanguage\":\"ca\",\"@id\":\"https:\/\/www.aliciacastan.com\/ca\/#\/schema\/logo\/image\/\",\"url\":\"https:\/\/www.aliciacastan.com\/wp-content\/uploads\/2020\/07\/cropped-AliciaCastan_Logo_Grande_Negro_fondo_blanco.jpg\",\"contentUrl\":\"https:\/\/www.aliciacastan.com\/wp-content\/uploads\/2020\/07\/cropped-AliciaCastan_Logo_Grande_Negro_fondo_blanco.jpg\",\"width\":1667,\"height\":1221,\"caption\":\"Alicia Castan\"},\"image\":{\"@id\":\"https:\/\/www.aliciacastan.com\/ca\/#\/schema\/logo\/image\/\"}}]}<\/script>\n<!-- \/ Yoast SEO plugin. -->","yoast_head_json":{"title":"Pol\u00edtica de cookies - Alicia Castan","robots":{"index":"index","follow":"follow","max-snippet":"max-snippet:-1","max-image-preview":"max-image-preview:large","max-video-preview":"max-video-preview:-1"},"canonical":"https:\/\/www.aliciacastan.com\/ca\/politica-de-cookies\/","og_locale":"ca_ES","og_type":"article","og_title":"Pol\u00edtica de cookies - Alicia Castan","og_description":"Al web www.aliciacastan.com (en endavant, el lloc web) utilitzem cookies per a facilitar la relaci\u00f3 dels visitants amb el nostre contingut i per permetre l&#8217;elaboraci\u00f3 d&#8217;estad\u00edstiques sobre els visitants que reben.&#13; L&#8217;informem qu\u00e8 podem utilitzar cookies amb l&#8217;aplicaci\u00f3 de facilitar la seva navegaci\u00f3 a trav\u00e9s del lloc web, distingir d&#8217;altres usuaris, proporcionar una millor experi\u00e8ncia [&hellip;]","og_url":"https:\/\/www.aliciacastan.com\/ca\/politica-de-cookies\/","og_site_name":"Alicia Castan","twitter_card":"summary_large_image","twitter_misc":{"Temps estimat de lectura":"8 minuts"},"schema":{"@context":"https:\/\/schema.org","@graph":[{"@type":"WebPage","@id":"https:\/\/www.aliciacastan.com\/ca\/politica-de-cookies\/","url":"https:\/\/www.aliciacastan.com\/ca\/politica-de-cookies\/","name":"Pol\u00edtica de cookies - Alicia Castan","isPartOf":{"@id":"https:\/\/www.aliciacastan.com\/ca\/#website"},"datePublished":"2020-07-17T06:41:24+00:00","dateModified":"2020-07-17T06:41:24+00:00","breadcrumb":{"@id":"https:\/\/www.aliciacastan.com\/ca\/politica-de-cookies\/#breadcrumb"},"inLanguage":"ca","potentialAction":[{"@type":"ReadAction","target":["https:\/\/www.aliciacastan.com\/ca\/politica-de-cookies\/"]}]},{"@type":"BreadcrumbList","@id":"https:\/\/www.aliciacastan.com\/ca\/politica-de-cookies\/#breadcrumb","itemListElement":[{"@type":"ListItem","position":1,"name":"Portada","item":"https:\/\/www.aliciacastan.com\/ca\/"},{"@type":"ListItem","position":2,"name":"Pol\u00edtica de cookies"}]},{"@type":"WebSite","@id":"https:\/\/www.aliciacastan.com\/ca\/#website","url":"https:\/\/www.aliciacastan.com\/ca\/","name":"Alicia Castan","description":"Arquitectura | Sostenibilidad | Feng Shui","publisher":{"@id":"https:\/\/www.aliciacastan.com\/ca\/#organization"},"potentialAction":[{"@type":"SearchAction","target":{"@type":"EntryPoint","urlTemplate":"https:\/\/www.aliciacastan.com\/ca\/?s={search_term_string}"},"query-input":"required name=search_term_string"}],"inLanguage":"ca"},{"@type":"Organization","@id":"https:\/\/www.aliciacastan.com\/ca\/#organization","name":"Alicia Castan","url":"https:\/\/www.aliciacastan.com\/ca\/","logo":{"@type":"ImageObject","inLanguage":"ca","@id":"https:\/\/www.aliciacastan.com\/ca\/#\/schema\/logo\/image\/","url":"https:\/\/www.aliciacastan.com\/wp-content\/uploads\/2020\/07\/cropped-AliciaCastan_Logo_Grande_Negro_fondo_blanco.jpg","contentUrl":"https:\/\/www.aliciacastan.com\/wp-content\/uploads\/2020\/07\/cropped-AliciaCastan_Logo_Grande_Negro_fondo_blanco.jpg","width":1667,"height":1221,"caption":"Alicia Castan"},"image":{"@id":"https:\/\/www.aliciacastan.com\/ca\/#\/schema\/logo\/image\/"}}]}},"_links":{"self":[{"href":"https:\/\/www.aliciacastan.com\/ca\/wp-json\/wp\/v2\/pages\/915","targetHints":{"allow":["GET"]}}],"collection":[{"href":"https:\/\/www.aliciacastan.com\/ca\/wp-json\/wp\/v2\/pages"}],"about":[{"href":"https:\/\/www.aliciacastan.com\/ca\/wp-json\/wp\/v2\/types\/page"}],"author":[{"embeddable":true,"href":"https:\/\/www.aliciacastan.com\/ca\/wp-json\/wp\/v2\/users\/1"}],"replies":[{"embeddable":true,"href":"https:\/\/www.aliciacastan.com\/ca\/wp-json\/wp\/v2\/comments?post=915"}],"version-history":[{"count":1,"href":"https:\/\/www.aliciacastan.com\/ca\/wp-json\/wp\/v2\/pages\/915\/revisions"}],"predecessor-version":[{"id":916,"href":"https:\/\/www.aliciacastan.com\/ca\/wp-json\/wp\/v2\/pages\/915\/revisions\/916"}],"wp:attachment":[{"href":"https:\/\/www.aliciacastan.com\/ca\/wp-json\/wp\/v2\/media?parent=915"}],"curies":[{"name":"wp","href":"https:\/\/api.w.org\/{rel}","templated":true}]}}